{"id":899,"date":"2022-12-02T14:04:54","date_gmt":"2022-12-02T14:04:54","guid":{"rendered":"https:\/\/terceraspartes.com\/?page_id=899"},"modified":"2022-12-02T15:05:49","modified_gmt":"2022-12-02T15:05:49","slug":"10-conclusiones-al-cumplir-los-30","status":"publish","type":"page","link":"https:\/\/terceraspartes.com\/index.php\/10-conclusiones-al-cumplir-los-30\/","title":{"rendered":"10 conclusiones al cumplir los 30 (2019)"},"content":{"rendered":"<div class=\"wp-block-image\">\n<figure class=\"aligncenter size-full is-resized\"><img loading=\"lazy\" decoding=\"async\" src=\"https:\/\/terceraspartes.com\/wp-content\/themes\/veen\/assets\/images\/transparent.gif\" data-lazy=\"true\" data-src=\"https:\/\/terceraspartes.com\/wp-content\/uploads\/2022\/12\/Captura-de-pantalla-2022-12-02-a-las-15.04.16.png\" alt=\"\" class=\"wp-image-900\" width=\"248\" height=\"298\" data-srcset=\"https:\/\/terceraspartes.com\/wp-content\/uploads\/2022\/12\/Captura-de-pantalla-2022-12-02-a-las-15.04.16.png 568w, https:\/\/terceraspartes.com\/wp-content\/uploads\/2022\/12\/Captura-de-pantalla-2022-12-02-a-las-15.04.16-250x300.png 250w, https:\/\/terceraspartes.com\/wp-content\/uploads\/2022\/12\/Captura-de-pantalla-2022-12-02-a-las-15.04.16-83x100.png 83w, https:\/\/terceraspartes.com\/wp-content\/uploads\/2022\/12\/Captura-de-pantalla-2022-12-02-a-las-15.04.16-375x450.png 375w\" data-sizes=\"auto, (max-width: 248px) 100vw, 248px\" \/><figcaption class=\"wp-element-caption\">Hace 10 a\u00f1os&#8230;<\/figcaption><\/figure>\n<\/div>\n\n\n<p>Siempre me han encantado los cumplea\u00f1os y, si es para celebrar una cifra redonda, m\u00e1s todav\u00eda. Me encanta cerrar etapas, me encanta septiembre, me encanta el 1 de enero, me encanta \u201cel primer d\u00eda de\u201d y, por supuesto, me encanta cumplir 30 a\u00f1os en unas horas y compartirlo en este blog que en enero cumple ya ocho a\u00f1azos.<\/p>\n\n\n\n<p>He pensado cu\u00e1l es el mejor formato para esta entrada y, aunque est\u00e1 muy trillado el t\u00edpico \u201cCinco cosas que\u2026\u201d, a m\u00ed como lectora me sigue atrayendo, as\u00ed que voy a imaginar que a alguno de vosotros tambi\u00e9n os gusta y voy a usarlo hoy para mi reflexi\u00f3n. Os voy a contar cinco cosas que he aprendido o conclusiones a las que he llegado en estos a\u00f1os. Aunque lo personal y lo profesional van de la mano, he querido distinguirlo para poder centrarme bien en cada \u00e1mbito.<\/p>\n\n\n\n<h2 class=\"wp-block-heading\">Conclusiones profesionales<\/h2>\n\n\n\n<p><strong>No todo vale (ni siquiera al principio de tu carrera).<\/strong>&nbsp;Que haya que empezar \u201cdesde abajo\u201d cuando uno se acaba de licenciar no implica tener que aceptar cualquier cosa. Como dijo aquel genio, \u201cSi juzgas a un pez por su capacidad para escalar un \u00e1rbol, vivir\u00e1 toda la vida pensando que es un in\u00fatil\u201d. Los primeros trabajos son de gran ayuda para saber a qu\u00e9 no quieres dedicarte o qu\u00e9 no est\u00e1s dispuesto a tolerar. Sentirte mal como profesional o un in\u00fatil es una se\u00f1al de alarma que no debes dejar pasar. No es \u201clo normal\u201d, por mucho que est\u00e9s empezando, y conviene salir de ah\u00ed cuanto antes porque puedes llegar a meterte en un pozo del que luego cuesta mucho salir luego.<\/p>\n\n\n\n<p><strong>No hay que quedarse a vivir en la liana<\/strong>. Hay que aceptar que habr\u00e1 trabajos que no te gusten o no se adapten a lo que quieres, pero, si no pierdes de vista que ese empleo est\u00e1 cumpliendo una funci\u00f3n y es solo un escal\u00f3n m\u00e1s que te lleva hacia donde quieres llegar, te ser\u00e1 m\u00e1s f\u00e1cil no caer en el victimismo o, como puede ocurrir parad\u00f3jicamente, no anclarte a ese trabajo por comodidad. Utiliza las experiencias laborales como lianas que te hagan avanzar en tu carrera profesional. Como le\u00ed una vez por ah\u00ed, \u201cTropezar es malo, pero cogerle cari\u00f1o a la piedra es peor\u201d.<\/p>\n\n\n\n<p><strong>Hay que ser buena persona para ser buen profesional<\/strong>. Es preferible la humildad a los aires de grandeza, agachar la cabeza antes que ponerse gallito (si te has equivocado) y el compa\u00f1erismo antes que la inflexibilidad o la soberbia. A los buenos profesionales se les aprecia; a las buenas personas se las recuerda.<\/p>\n\n\n\n<p><strong>La comunicaci\u00f3n escrita requiere de m\u00e1s tacto.<\/strong>&nbsp;Como b\u00e1sicamente vivimos de los correos electr\u00f3nicos y los mensajes, m\u00e1s vale dedicar un minuto extra a releer un mensaje y ver si alguien que no est\u00e9 en nuestra cabeza va a entender lo que queremos decir (y la intenci\u00f3n con la que lo decimos). Muchas veces malinterpretamos las intenciones de la persona que est\u00e1 al otro lado solamente por sus \u201cformas\u201d, que en el caso de la comunicaci\u00f3n escrita solo se pueden suavizar a base de reescribir y a\u00f1adir ciertos gui\u00f1os.<\/p>\n\n\n\n<p><strong>La libertad (del freelance) no tiene por qu\u00e9 ser LA aspiraci\u00f3n<\/strong>. Como ya he dicho en el pasado (echa un ojo a \u201c<strong>Desidealizando al traductor aut\u00f3nomo<\/strong>\u201c), trabajar durante tres a\u00f1os de freelance me hizo darme cuenta de que era libre para muchas cosas (organizaci\u00f3n de mi trabajo, \u201celecci\u00f3n de horarios*\u201d, aceptar o rechazar proyectos, cambiar de clientes\u2026), pero esclava de otras muchas, como facturaci\u00f3n, gastos fijos extra, *diferencia horaria por tener clientes de diferentes pa\u00edses, ausencia de vacaciones (pod\u00eda irme cuando quisiera, pero d\u00edas no trabajados = d\u00edas de no ingresos), soledad (o tener que pagar por rodearte de gente en un coworking), etc. Se da mucha visibilidad a las ventajas de ser aut\u00f3nomo y se demoniza mucho ser asalariado: cada formato se adapta mejor o peor a nuestra vida dependiendo de lo que busquemos en cada momento,&nbsp;<a href=\"https:\/\/www.youtube.com\/playlist?list=OLAK5uy_mowMZ7P_Wm4E-rL8gpJtLEMHxs9MRfSsg\"><strong>pero no pasa nada<\/strong><\/a>.<\/p>\n\n\n\n<h2 class=\"wp-block-heading\">Conclusiones personales<\/h2>\n\n\n\n<p><strong>Primero t\u00fa y luego los dem\u00e1s.<\/strong>&nbsp;Como en los aviones, si hay una despresurizaci\u00f3n de la cabina, ponte primero t\u00fa la m\u00e1scara y luego p\u00f3nsela a tu hijo. \u00bfPor qu\u00e9? Porque si t\u00fa no est\u00e1s bien, se acaba el juego. Aseg\u00farate de estar en tu lista de prioridades y de escuchar a tu cuerpo, que es sabio y sin duda te avisar\u00e1 cuando est\u00e9s ignorando se\u00f1ales de alarma consistentemente,&nbsp;<a href=\"https:\/\/www.youtube.com\/watch?v=uO7vESQrwCM&amp;lc=z22msduq2mzvwlskmacdp433ugowwq2ws34ulpv5h2tw03c010c\"><strong>hasta el punto de incapacitarte<\/strong><\/a>, si as\u00ed logra que pares el carro y reflexiones.<\/p>\n\n\n\n<p><strong>Nada es para siempre (y no pasa nada):&nbsp;<\/strong>Como coment\u00e9 en una de las entradas m\u00e1s personales hasta la fecha, \u201c<strong>Lo malo de ser traductora (incoherencias vitales)<\/strong>\u201c, durante mucho tiempo (y hasta hace poco) sufr\u00eda por ser muy tajante en mis ideas, proyectos y conclusiones, porque al tiempo cambiaba de opini\u00f3n y me frustraba conmigo misma juzg\u00e1ndome de incoherente. Pensar hoy X y ma\u00f1ana Z no solo es normal sino sano, y que nadie te convenza de lo contrario (sobre todo, t\u00fa misma). Los cambios que haces siempre son para bien, porque si no, no los har\u00edas.<\/p>\n\n\n\n<p><strong>Al\u00e9jate de lo que no te hace bien\u2026 porque te hace mal<\/strong>. El tiempo o la energ\u00eda que est\u00e1s dedicando a una persona que no merece la pena lo podr\u00edas estar dedicando a otra persona (como m\u00ednimo, a ti misma). A la primera de cambio que algo importante \u201cno te cuadre\u201d, no caigas en la tentaci\u00f3n de achac\u00e1rtelo a ti (\u201cEstar\u00e9 siendo muy tiquismiquis\u201d, \u201cTambi\u00e9n es que yo\u2026\u201d). \u00a1Sal por patas! Y recuerda que eso no es huir, es cuidarse.<\/p>\n\n\n\n<p><strong>Quien tenga que estar ah\u00ed, estar\u00e1 (sin tener que ir t\u00fa detr\u00e1s).<\/strong>&nbsp;Los amigos que decidan quedarse a tu lado, lo har\u00e1n por s\u00ed mismos y no tendr\u00e1s que perseguirlos para mantenerlos en tu vida. Como persona a la que le encanta conocer gente, muchas veces me he empe\u00f1ado en intentar afianzar una amistad que claramente era unilateral. Sin embargo, yo asociaba su distanciamiento con que yo no estaba dedic\u00e1ndoles suficiente atenci\u00f3n o tiempo. La culpa, siempre m\u00eda, claro, en vez de asumir que hay personas que entran en tu vida, cumplen una funci\u00f3n (por mal que suene), y salen. La verdadera amistad es un 50-50.<\/p>\n\n\n\n<p><strong>La resiliencia como meta.<\/strong>&nbsp;Como me dijo mi psic\u00f3loga, \u201cEl objetivo de la terapia no es que nada te afecte\u201d. La ecuaci\u00f3n&nbsp;<em>Estabilidad emocional = Nada me afecta<\/em>&nbsp;no es correcta. Se trata de permitir que las cosas te afecten, de ser permeable y de \u201cdejarte sentir\u201d con la certeza de que, pase lo que pase, volver\u00e1s a estar bien (si \u201cestar bien\u201d no es tu estado natural, recuerda que los psic\u00f3logos est\u00e1n ah\u00ed para algo y te pueden cambiar literalmente la vida). Conf\u00eda en ti y en tu capacidad de recomponerte sean cuales sean las circunstancias.<\/p>\n\n\n\n<p>Y as\u00ed de profunda me despido hasta nueva orden, soplando las velas\u2026 con una sonrisa.<\/p>\n","protected":false},"excerpt":{"rendered":"<p>Siempre me han encantado los cumplea\u00f1os y, si es para celebrar una cifra redonda, m\u00e1s todav\u00eda. Me encanta cerrar etapas, me encanta septiembre, me encanta&#8230;<\/p>\n","protected":false},"author":1,"featured_media":0,"parent":0,"menu_order":0,"comment_status":"open","ping_status":"closed","template":"","meta":{"footnotes":""},"class_list":["post-899","page","type-page","status-publish","hentry"],"yoast_head":"<!-- This site is optimized with the Yoast SEO plugin v27.5 - https:\/\/yoast.com\/product\/yoast-seo-wordpress\/ -->\n<title>10 conclusiones al cumplir los 30 (2019) - Terceras Partes<\/title>\n<meta name=\"robots\" content=\"index, follow, max-snippet:-1, max-image-preview:large, max-video-preview:-1\" \/>\n<link rel=\"canonical\" href=\"https:\/\/terceraspartes.com\/index.php\/10-conclusiones-al-cumplir-los-30\/\" \/>\n<meta property=\"og:locale\" content=\"es_ES\" \/>\n<meta property=\"og:type\" content=\"article\" \/>\n<meta property=\"og:title\" content=\"10 conclusiones al cumplir los 30 (2019) - Terceras Partes\" \/>\n<meta property=\"og:description\" content=\"Siempre me han encantado los cumplea\u00f1os y, si es para celebrar una cifra redonda, m\u00e1s todav\u00eda. Me encanta cerrar etapas, me encanta septiembre, me encanta...\" \/>\n<meta property=\"og:url\" content=\"https:\/\/terceraspartes.com\/index.php\/10-conclusiones-al-cumplir-los-30\/\" \/>\n<meta property=\"og:site_name\" content=\"Terceras Partes\" \/>\n<meta property=\"article:modified_time\" content=\"2022-12-02T15:05:49+00:00\" \/>\n<meta property=\"og:image\" content=\"https:\/\/terceraspartes.com\/wp-content\/uploads\/2022\/12\/Captura-de-pantalla-2022-12-02-a-las-15.04.16.png\" \/>\n<meta name=\"twitter:card\" content=\"summary_large_image\" \/>\n<meta name=\"twitter:site\" content=\"@terceras_partes\" \/>\n<meta name=\"twitter:label1\" content=\"Tiempo de lectura\" \/>\n\t<meta name=\"twitter:data1\" content=\"6 minutos\" \/>\n<script type=\"application\/ld+json\" class=\"yoast-schema-graph\">{\"@context\":\"https:\\\/\\\/schema.org\",\"@graph\":[{\"@type\":\"WebPage\",\"@id\":\"https:\\\/\\\/terceraspartes.com\\\/index.php\\\/10-conclusiones-al-cumplir-los-30\\\/\",\"url\":\"https:\\\/\\\/terceraspartes.com\\\/index.php\\\/10-conclusiones-al-cumplir-los-30\\\/\",\"name\":\"10 conclusiones al cumplir los 30 (2019) - Terceras Partes\",\"isPartOf\":{\"@id\":\"https:\\\/\\\/terceraspartes.com\\\/#website\"},\"primaryImageOfPage\":{\"@id\":\"https:\\\/\\\/terceraspartes.com\\\/index.php\\\/10-conclusiones-al-cumplir-los-30\\\/#primaryimage\"},\"image\":{\"@id\":\"https:\\\/\\\/terceraspartes.com\\\/index.php\\\/10-conclusiones-al-cumplir-los-30\\\/#primaryimage\"},\"thumbnailUrl\":\"https:\\\/\\\/terceraspartes.com\\\/wp-content\\\/uploads\\\/2022\\\/12\\\/Captura-de-pantalla-2022-12-02-a-las-15.04.16.png\",\"datePublished\":\"2022-12-02T14:04:54+00:00\",\"dateModified\":\"2022-12-02T15:05:49+00:00\",\"breadcrumb\":{\"@id\":\"https:\\\/\\\/terceraspartes.com\\\/index.php\\\/10-conclusiones-al-cumplir-los-30\\\/#breadcrumb\"},\"inLanguage\":\"es\",\"potentialAction\":[{\"@type\":\"ReadAction\",\"target\":[\"https:\\\/\\\/terceraspartes.com\\\/index.php\\\/10-conclusiones-al-cumplir-los-30\\\/\"]}]},{\"@type\":\"ImageObject\",\"inLanguage\":\"es\",\"@id\":\"https:\\\/\\\/terceraspartes.com\\\/index.php\\\/10-conclusiones-al-cumplir-los-30\\\/#primaryimage\",\"url\":\"https:\\\/\\\/terceraspartes.com\\\/wp-content\\\/uploads\\\/2022\\\/12\\\/Captura-de-pantalla-2022-12-02-a-las-15.04.16.png\",\"contentUrl\":\"https:\\\/\\\/terceraspartes.com\\\/wp-content\\\/uploads\\\/2022\\\/12\\\/Captura-de-pantalla-2022-12-02-a-las-15.04.16.png\",\"width\":568,\"height\":682},{\"@type\":\"BreadcrumbList\",\"@id\":\"https:\\\/\\\/terceraspartes.com\\\/index.php\\\/10-conclusiones-al-cumplir-los-30\\\/#breadcrumb\",\"itemListElement\":[{\"@type\":\"ListItem\",\"position\":1,\"name\":\"Portada\",\"item\":\"https:\\\/\\\/terceraspartes.com\\\/\"},{\"@type\":\"ListItem\",\"position\":2,\"name\":\"10 conclusiones al cumplir los 30 (2019)\"}]},{\"@type\":\"WebSite\",\"@id\":\"https:\\\/\\\/terceraspartes.com\\\/#website\",\"url\":\"https:\\\/\\\/terceraspartes.com\\\/\",\"name\":\"Terceras Partes\",\"description\":\"Blog de escritura sin pretensiones\",\"publisher\":{\"@id\":\"https:\\\/\\\/terceraspartes.com\\\/#\\\/schema\\\/person\\\/e9e29a930aceb96bd13d7ba7d213dac0\"},\"potentialAction\":[{\"@type\":\"SearchAction\",\"target\":{\"@type\":\"EntryPoint\",\"urlTemplate\":\"https:\\\/\\\/terceraspartes.com\\\/?s={search_term_string}\"},\"query-input\":{\"@type\":\"PropertyValueSpecification\",\"valueRequired\":true,\"valueName\":\"search_term_string\"}}],\"inLanguage\":\"es\"},{\"@type\":[\"Person\",\"Organization\"],\"@id\":\"https:\\\/\\\/terceraspartes.com\\\/#\\\/schema\\\/person\\\/e9e29a930aceb96bd13d7ba7d213dac0\",\"name\":\"Merche Garc\u00eda\",\"image\":{\"@type\":\"ImageObject\",\"inLanguage\":\"es\",\"@id\":\"https:\\\/\\\/terceraspartes.com\\\/wp-content\\\/uploads\\\/2022\\\/12\\\/Captura-de-pantalla-2022-12-03-a-las-13.50.47.png\",\"url\":\"https:\\\/\\\/terceraspartes.com\\\/wp-content\\\/uploads\\\/2022\\\/12\\\/Captura-de-pantalla-2022-12-03-a-las-13.50.47.png\",\"contentUrl\":\"https:\\\/\\\/terceraspartes.com\\\/wp-content\\\/uploads\\\/2022\\\/12\\\/Captura-de-pantalla-2022-12-03-a-las-13.50.47.png\",\"width\":486,\"height\":442,\"caption\":\"Merche Garc\u00eda\"},\"logo\":{\"@id\":\"https:\\\/\\\/terceraspartes.com\\\/wp-content\\\/uploads\\\/2022\\\/12\\\/Captura-de-pantalla-2022-12-03-a-las-13.50.47.png\"},\"description\":\"Me llamo Merche, tengo 36 a\u00f1os y soy traductora. El lenguaje y la comunicaci\u00f3n son mi pan de cada d\u00eda y as\u00ed lo demuestran mis aficiones: leer, escribir, dibujar, hablar, escuchar\u2026 En concreto, has ido a parar al espacio donde escribo, para que puedas leer y, despu\u00e9s, podamos hablar \ud83d\ude42. Este blog se llama \u00abTerceras Partes\u00bb porque antes de \u00e9l hubo otros dos, \u00abPunto y Oporto\u00bb (para contar mi experiencias n\u00f3madas) y \u00abTraducir&amp;Co\u00bb. Puedes leer algunas de las entradas accediendo desde el men\u00fa superior.\",\"sameAs\":[\"https:\\\/\\\/instagram.com\\\/terceras_partes\",\"https:\\\/\\\/x.com\\\/https:\\\/\\\/twitter.com\\\/terceras_partes\"]}]}<\/script>\n<!-- \/ Yoast SEO plugin. -->","yoast_head_json":{"title":"10 conclusiones al cumplir los 30 (2019) - Terceras Partes","robots":{"index":"index","follow":"follow","max-snippet":"max-snippet:-1","max-image-preview":"max-image-preview:large","max-video-preview":"max-video-preview:-1"},"canonical":"https:\/\/terceraspartes.com\/index.php\/10-conclusiones-al-cumplir-los-30\/","og_locale":"es_ES","og_type":"article","og_title":"10 conclusiones al cumplir los 30 (2019) - Terceras Partes","og_description":"Siempre me han encantado los cumplea\u00f1os y, si es para celebrar una cifra redonda, m\u00e1s todav\u00eda. Me encanta cerrar etapas, me encanta septiembre, me encanta...","og_url":"https:\/\/terceraspartes.com\/index.php\/10-conclusiones-al-cumplir-los-30\/","og_site_name":"Terceras Partes","article_modified_time":"2022-12-02T15:05:49+00:00","og_image":[{"url":"https:\/\/terceraspartes.com\/wp-content\/uploads\/2022\/12\/Captura-de-pantalla-2022-12-02-a-las-15.04.16.png","type":"","width":"","height":""}],"twitter_card":"summary_large_image","twitter_site":"@terceras_partes","twitter_misc":{"Tiempo de lectura":"6 minutos"},"schema":{"@context":"https:\/\/schema.org","@graph":[{"@type":"WebPage","@id":"https:\/\/terceraspartes.com\/index.php\/10-conclusiones-al-cumplir-los-30\/","url":"https:\/\/terceraspartes.com\/index.php\/10-conclusiones-al-cumplir-los-30\/","name":"10 conclusiones al cumplir los 30 (2019) - Terceras Partes","isPartOf":{"@id":"https:\/\/terceraspartes.com\/#website"},"primaryImageOfPage":{"@id":"https:\/\/terceraspartes.com\/index.php\/10-conclusiones-al-cumplir-los-30\/#primaryimage"},"image":{"@id":"https:\/\/terceraspartes.com\/index.php\/10-conclusiones-al-cumplir-los-30\/#primaryimage"},"thumbnailUrl":"https:\/\/terceraspartes.com\/wp-content\/uploads\/2022\/12\/Captura-de-pantalla-2022-12-02-a-las-15.04.16.png","datePublished":"2022-12-02T14:04:54+00:00","dateModified":"2022-12-02T15:05:49+00:00","breadcrumb":{"@id":"https:\/\/terceraspartes.com\/index.php\/10-conclusiones-al-cumplir-los-30\/#breadcrumb"},"inLanguage":"es","potentialAction":[{"@type":"ReadAction","target":["https:\/\/terceraspartes.com\/index.php\/10-conclusiones-al-cumplir-los-30\/"]}]},{"@type":"ImageObject","inLanguage":"es","@id":"https:\/\/terceraspartes.com\/index.php\/10-conclusiones-al-cumplir-los-30\/#primaryimage","url":"https:\/\/terceraspartes.com\/wp-content\/uploads\/2022\/12\/Captura-de-pantalla-2022-12-02-a-las-15.04.16.png","contentUrl":"https:\/\/terceraspartes.com\/wp-content\/uploads\/2022\/12\/Captura-de-pantalla-2022-12-02-a-las-15.04.16.png","width":568,"height":682},{"@type":"BreadcrumbList","@id":"https:\/\/terceraspartes.com\/index.php\/10-conclusiones-al-cumplir-los-30\/#breadcrumb","itemListElement":[{"@type":"ListItem","position":1,"name":"Portada","item":"https:\/\/terceraspartes.com\/"},{"@type":"ListItem","position":2,"name":"10 conclusiones al cumplir los 30 (2019)"}]},{"@type":"WebSite","@id":"https:\/\/terceraspartes.com\/#website","url":"https:\/\/terceraspartes.com\/","name":"Terceras Partes","description":"Blog de escritura sin pretensiones","publisher":{"@id":"https:\/\/terceraspartes.com\/#\/schema\/person\/e9e29a930aceb96bd13d7ba7d213dac0"},"potentialAction":[{"@type":"SearchAction","target":{"@type":"EntryPoint","urlTemplate":"https:\/\/terceraspartes.com\/?s={search_term_string}"},"query-input":{"@type":"PropertyValueSpecification","valueRequired":true,"valueName":"search_term_string"}}],"inLanguage":"es"},{"@type":["Person","Organization"],"@id":"https:\/\/terceraspartes.com\/#\/schema\/person\/e9e29a930aceb96bd13d7ba7d213dac0","name":"Merche Garc\u00eda","image":{"@type":"ImageObject","inLanguage":"es","@id":"https:\/\/terceraspartes.com\/wp-content\/uploads\/2022\/12\/Captura-de-pantalla-2022-12-03-a-las-13.50.47.png","url":"https:\/\/terceraspartes.com\/wp-content\/uploads\/2022\/12\/Captura-de-pantalla-2022-12-03-a-las-13.50.47.png","contentUrl":"https:\/\/terceraspartes.com\/wp-content\/uploads\/2022\/12\/Captura-de-pantalla-2022-12-03-a-las-13.50.47.png","width":486,"height":442,"caption":"Merche Garc\u00eda"},"logo":{"@id":"https:\/\/terceraspartes.com\/wp-content\/uploads\/2022\/12\/Captura-de-pantalla-2022-12-03-a-las-13.50.47.png"},"description":"Me llamo Merche, tengo 36 a\u00f1os y soy traductora. El lenguaje y la comunicaci\u00f3n son mi pan de cada d\u00eda y as\u00ed lo demuestran mis aficiones: leer, escribir, dibujar, hablar, escuchar\u2026 En concreto, has ido a parar al espacio donde escribo, para que puedas leer y, despu\u00e9s, podamos hablar \ud83d\ude42. Este blog se llama \u00abTerceras Partes\u00bb porque antes de \u00e9l hubo otros dos, \u00abPunto y Oporto\u00bb (para contar mi experiencias n\u00f3madas) y \u00abTraducir&amp;Co\u00bb. Puedes leer algunas de las entradas accediendo desde el men\u00fa superior.","sameAs":["https:\/\/instagram.com\/terceras_partes","https:\/\/x.com\/https:\/\/twitter.com\/terceras_partes"]}]}},"_links":{"self":[{"href":"https:\/\/terceraspartes.com\/index.php\/wp-json\/wp\/v2\/pages\/899","targetHints":{"allow":["GET"]}}],"collection":[{"href":"https:\/\/terceraspartes.com\/index.php\/wp-json\/wp\/v2\/pages"}],"about":[{"href":"https:\/\/terceraspartes.com\/index.php\/wp-json\/wp\/v2\/types\/page"}],"author":[{"embeddable":true,"href":"https:\/\/terceraspartes.com\/index.php\/wp-json\/wp\/v2\/users\/1"}],"replies":[{"embeddable":true,"href":"https:\/\/terceraspartes.com\/index.php\/wp-json\/wp\/v2\/comments?post=899"}],"version-history":[{"count":2,"href":"https:\/\/terceraspartes.com\/index.php\/wp-json\/wp\/v2\/pages\/899\/revisions"}],"predecessor-version":[{"id":958,"href":"https:\/\/terceraspartes.com\/index.php\/wp-json\/wp\/v2\/pages\/899\/revisions\/958"}],"wp:attachment":[{"href":"https:\/\/terceraspartes.com\/index.php\/wp-json\/wp\/v2\/media?parent=899"}],"curies":[{"name":"wp","href":"https:\/\/api.w.org\/{rel}","templated":true}]}}