{"id":757,"date":"2022-12-02T09:11:59","date_gmt":"2022-12-02T09:11:59","guid":{"rendered":"https:\/\/terceraspartes.com\/?page_id=757"},"modified":"2022-12-02T15:06:18","modified_gmt":"2022-12-02T15:06:18","slug":"primeros-pasos-11-2017","status":"publish","type":"page","link":"https:\/\/terceraspartes.com\/index.php\/primeros-pasos-11-2017\/","title":{"rendered":"Primeros pasos (11\/2017)"},"content":{"rendered":"<div class=\"wp-block-image\">\n<figure class=\"aligncenter size-large is-resized\"><img loading=\"lazy\" decoding=\"async\" src=\"https:\/\/terceraspartes.com\/wp-content\/themes\/veen\/assets\/images\/transparent.gif\" data-lazy=\"true\" data-src=\"https:\/\/terceraspartes.com\/wp-content\/uploads\/2022\/12\/bolas-1024x687.jpg\" alt=\"\" class=\"wp-image-758\" width=\"636\" height=\"426\" data-srcset=\"https:\/\/terceraspartes.com\/wp-content\/uploads\/2022\/12\/bolas-1024x687.jpg 1024w, https:\/\/terceraspartes.com\/wp-content\/uploads\/2022\/12\/bolas-300x201.jpg 300w, https:\/\/terceraspartes.com\/wp-content\/uploads\/2022\/12\/bolas-768x515.jpg 768w, https:\/\/terceraspartes.com\/wp-content\/uploads\/2022\/12\/bolas-100x67.jpg 100w, https:\/\/terceraspartes.com\/wp-content\/uploads\/2022\/12\/bolas-671x450.jpg 671w, https:\/\/terceraspartes.com\/wp-content\/uploads\/2022\/12\/bolas.jpg 1301w\" data-sizes=\"auto, (max-width: 636px) 100vw, 636px\" \/><figcaption class=\"wp-element-caption\">Foto propia. \u00c1msterdam. Colecciono bolas de nieve, \u00a1me encantan!<\/figcaption><\/figure>\n<\/div>\n\n\n<p>Lo primero que he hecho despu\u00e9s de decidir lanzarme a la aventura ha sido investigar y<strong>&nbsp;<\/strong><strong>buscar experiencias de personas que se han planteado hacer lo mismo que yo<\/strong>. En el proceso me estoy encontrando sobre todo con viajeros empedernidos como&nbsp;<a href=\"https:\/\/href.li\/?http:\/\/travelingspud.com\/\">Katie<\/a>&nbsp;que se echan la mochila al hombro con la intenci\u00f3n de recorrer un sinf\u00edn de pa\u00edses en 365 d\u00edas. La verdad es que, si bien un d\u00eda me atrajo la idea de<strong>&nbsp;<\/strong><strong>ir tachando pa\u00edses de una lista<\/strong>, las agotadoras experiencias como \u201cmochilera\u201d (en realidad siempre he ido con maleta) han hecho que esta vez me plantee una forma diferente de viajar.<\/p>\n\n\n\n<p>Alcanc\u00e9 mi l\u00edmite el a\u00f1o pasado,&nbsp;cuando decid\u00ed hacer el recorrido&nbsp;<strong>Madrid &gt; Dubl\u00edn &gt; Copenhague &gt; Estocolmo &gt; Barcelona &gt; Madrid<\/strong>&nbsp;en menos de dos semanas y con una ci\u00e1tica provocada por una hernia discal que me imped\u00eda caminar m\u00e1s de diez minutos sin sentarme. Lo poco reparador de las noches de albergue en habitaciones ocho personas no ayud\u00f3. Diez a\u00f1os despu\u00e9s de empezar a viajar por ah\u00ed,&nbsp;<strong>por&nbsp;poco me rindo.<\/strong>&nbsp;Hoy, gracias a que&nbsp;estoy pr\u00e1cticamente recuperada de la cirug\u00eda que ha acabado con aquel infierno, quiero retomar la idea de&nbsp;<strong>viajar&nbsp;de forma m\u00e1s sana, sostenible y productiva&nbsp;<\/strong>(ya que esta vez me llevo el trabajo puesto).<\/p>\n\n\n\n<p>Sigo buscando, por tanto, con la esperanza de encontrar en Internet testimonios de alguien que haya vivido y decidido lo mismo que yo. Y as\u00ed es como doy con la pareja formada por\u00a0<strong>Radhika y Johnny<\/strong>\u00a0que, en su art\u00edculo \u201c<a href=\"https:\/\/href.li\/?http:\/\/www.fulltimenomad.com\/slow-travel\/\">Why We Choose The Slow Travel Digital Nomad Life<\/a>\u201d (<em>Por qu\u00e9 elegimos una vida tranquila como n\u00f3madas digitales viajeros<\/em>), reflexiona sobre su decisi\u00f3n de vivir breves temporadas (3-6 meses) en diferentes pa\u00edses. Leyendo el art\u00edculo descubro que existe el concepto de \u201c<strong>n\u00f3mada digital<\/strong>\u201d y que detr\u00e1s de \u00e9l se esconde una inmensa comunidad de personas que hacen lo mismo que me propongo hacer yo, aunque a menudo son personas que, hartas de la monoton\u00eda,<strong>\u00a0<\/strong><strong>lo dejan todo para viajar<\/strong>\u00a0y despu\u00e9s buscan <strong>la forma de financiar esa forma de vida<\/strong>. Eso explica que, relacionado con el concepto de n\u00f3mada digital, existan infinidad de art\u00edculos, entrevistas y v\u00eddeos de YouTube con la tem\u00e1tica de\u00a0<strong>c\u00f3mo ganar dinero mientras viajas<\/strong>, qu\u00e9 tipo de trabajos puedes hacer online, etc. A diferencia de este perfil, yo llevo trabajando como traductora desde 2013 (como aut\u00f3noma desde 2015) y ahora decido aprovechar la libertad que tengo para viajar.<\/p>\n\n\n\n<p>Por si os interesa, tambi\u00e9n encontr\u00e9 el art\u00edculo de David Kadavy \u201c<a href=\"https:\/\/href.li\/?http:\/\/observer.com\/2014\/02\/a-month-at-a-time-why-i-quit-travelling-and-started-living-mini-lives\/\">A month at a time: Why I quit travelling and started living mini-lifes\u201d<\/a>&nbsp;(<em>De mes en mes: Por qu\u00e9 dej\u00e9 de viajar y empec\u00e9 a vivir \u2018minividas\u2019<\/em>) y el de Carolina Arcila, \u201c<a href=\"https:\/\/href.li\/?https:\/\/www.elephantjournal.com\/2015\/11\/the-itch-to-leave-everything-behind-whats-stopping-us-from-following-it\/\">The itch to leave everything behind &amp; what\u2019s stopping us from following it<\/a>\u201d (<em>El ansia de dejarlo todo y qu\u00e9 es lo que nos detiene<\/em>), quien, por cierto, dice una verdad como un templo: \u201c<strong>la comodidad no siempre es sin\u00f3nimo de felicidad (\u2026).<\/strong>&nbsp;A veces uno debe confiar en \u2018estar perdi\u00e9ndose en la direcci\u00f3n correcta&#8217;\u201d.<\/p>\n","protected":false},"excerpt":{"rendered":"<p>Lo primero que he hecho despu\u00e9s de decidir lanzarme a la aventura ha sido investigar y&nbsp;buscar experiencias de personas que se han planteado hacer lo&#8230;<\/p>\n","protected":false},"author":1,"featured_media":0,"parent":0,"menu_order":0,"comment_status":"open","ping_status":"closed","template":"","meta":{"footnotes":""},"class_list":["post-757","page","type-page","status-publish","hentry"],"yoast_head":"<!-- This site is optimized with the Yoast SEO plugin v27.5 - https:\/\/yoast.com\/product\/yoast-seo-wordpress\/ -->\n<title>Primeros pasos (11\/2017) - Terceras Partes<\/title>\n<meta name=\"robots\" content=\"index, follow, max-snippet:-1, max-image-preview:large, max-video-preview:-1\" \/>\n<link rel=\"canonical\" href=\"https:\/\/terceraspartes.com\/index.php\/primeros-pasos-11-2017\/\" \/>\n<meta property=\"og:locale\" content=\"es_ES\" \/>\n<meta property=\"og:type\" content=\"article\" \/>\n<meta property=\"og:title\" content=\"Primeros pasos (11\/2017) - Terceras Partes\" \/>\n<meta property=\"og:description\" content=\"Lo primero que he hecho despu\u00e9s de decidir lanzarme a la aventura ha sido investigar y&nbsp;buscar experiencias de personas que se han planteado hacer lo...\" \/>\n<meta property=\"og:url\" content=\"https:\/\/terceraspartes.com\/index.php\/primeros-pasos-11-2017\/\" \/>\n<meta property=\"og:site_name\" content=\"Terceras Partes\" \/>\n<meta property=\"article:modified_time\" content=\"2022-12-02T15:06:18+00:00\" \/>\n<meta property=\"og:image\" content=\"https:\/\/terceraspartes.com\/wp-content\/uploads\/2022\/12\/bolas-1024x687.jpg\" \/>\n<meta name=\"twitter:card\" content=\"summary_large_image\" \/>\n<meta name=\"twitter:site\" content=\"@terceras_partes\" \/>\n<meta name=\"twitter:label1\" content=\"Tiempo de lectura\" \/>\n\t<meta name=\"twitter:data1\" content=\"3 minutos\" \/>\n<script type=\"application\/ld+json\" class=\"yoast-schema-graph\">{\"@context\":\"https:\\\/\\\/schema.org\",\"@graph\":[{\"@type\":\"WebPage\",\"@id\":\"https:\\\/\\\/terceraspartes.com\\\/index.php\\\/primeros-pasos-11-2017\\\/\",\"url\":\"https:\\\/\\\/terceraspartes.com\\\/index.php\\\/primeros-pasos-11-2017\\\/\",\"name\":\"Primeros pasos (11\\\/2017) - Terceras Partes\",\"isPartOf\":{\"@id\":\"https:\\\/\\\/terceraspartes.com\\\/#website\"},\"primaryImageOfPage\":{\"@id\":\"https:\\\/\\\/terceraspartes.com\\\/index.php\\\/primeros-pasos-11-2017\\\/#primaryimage\"},\"image\":{\"@id\":\"https:\\\/\\\/terceraspartes.com\\\/index.php\\\/primeros-pasos-11-2017\\\/#primaryimage\"},\"thumbnailUrl\":\"https:\\\/\\\/terceraspartes.com\\\/wp-content\\\/uploads\\\/2022\\\/12\\\/bolas-1024x687.jpg\",\"datePublished\":\"2022-12-02T09:11:59+00:00\",\"dateModified\":\"2022-12-02T15:06:18+00:00\",\"breadcrumb\":{\"@id\":\"https:\\\/\\\/terceraspartes.com\\\/index.php\\\/primeros-pasos-11-2017\\\/#breadcrumb\"},\"inLanguage\":\"es\",\"potentialAction\":[{\"@type\":\"ReadAction\",\"target\":[\"https:\\\/\\\/terceraspartes.com\\\/index.php\\\/primeros-pasos-11-2017\\\/\"]}]},{\"@type\":\"ImageObject\",\"inLanguage\":\"es\",\"@id\":\"https:\\\/\\\/terceraspartes.com\\\/index.php\\\/primeros-pasos-11-2017\\\/#primaryimage\",\"url\":\"https:\\\/\\\/terceraspartes.com\\\/wp-content\\\/uploads\\\/2022\\\/12\\\/bolas.jpg\",\"contentUrl\":\"https:\\\/\\\/terceraspartes.com\\\/wp-content\\\/uploads\\\/2022\\\/12\\\/bolas.jpg\",\"width\":1301,\"height\":873},{\"@type\":\"BreadcrumbList\",\"@id\":\"https:\\\/\\\/terceraspartes.com\\\/index.php\\\/primeros-pasos-11-2017\\\/#breadcrumb\",\"itemListElement\":[{\"@type\":\"ListItem\",\"position\":1,\"name\":\"Portada\",\"item\":\"https:\\\/\\\/terceraspartes.com\\\/\"},{\"@type\":\"ListItem\",\"position\":2,\"name\":\"Primeros pasos (11\\\/2017)\"}]},{\"@type\":\"WebSite\",\"@id\":\"https:\\\/\\\/terceraspartes.com\\\/#website\",\"url\":\"https:\\\/\\\/terceraspartes.com\\\/\",\"name\":\"Terceras Partes\",\"description\":\"Blog de escritura sin pretensiones\",\"publisher\":{\"@id\":\"https:\\\/\\\/terceraspartes.com\\\/#\\\/schema\\\/person\\\/e9e29a930aceb96bd13d7ba7d213dac0\"},\"potentialAction\":[{\"@type\":\"SearchAction\",\"target\":{\"@type\":\"EntryPoint\",\"urlTemplate\":\"https:\\\/\\\/terceraspartes.com\\\/?s={search_term_string}\"},\"query-input\":{\"@type\":\"PropertyValueSpecification\",\"valueRequired\":true,\"valueName\":\"search_term_string\"}}],\"inLanguage\":\"es\"},{\"@type\":[\"Person\",\"Organization\"],\"@id\":\"https:\\\/\\\/terceraspartes.com\\\/#\\\/schema\\\/person\\\/e9e29a930aceb96bd13d7ba7d213dac0\",\"name\":\"Merche Garc\u00eda\",\"image\":{\"@type\":\"ImageObject\",\"inLanguage\":\"es\",\"@id\":\"https:\\\/\\\/terceraspartes.com\\\/wp-content\\\/uploads\\\/2022\\\/12\\\/Captura-de-pantalla-2022-12-03-a-las-13.50.47.png\",\"url\":\"https:\\\/\\\/terceraspartes.com\\\/wp-content\\\/uploads\\\/2022\\\/12\\\/Captura-de-pantalla-2022-12-03-a-las-13.50.47.png\",\"contentUrl\":\"https:\\\/\\\/terceraspartes.com\\\/wp-content\\\/uploads\\\/2022\\\/12\\\/Captura-de-pantalla-2022-12-03-a-las-13.50.47.png\",\"width\":486,\"height\":442,\"caption\":\"Merche Garc\u00eda\"},\"logo\":{\"@id\":\"https:\\\/\\\/terceraspartes.com\\\/wp-content\\\/uploads\\\/2022\\\/12\\\/Captura-de-pantalla-2022-12-03-a-las-13.50.47.png\"},\"description\":\"Me llamo Merche, tengo 36 a\u00f1os y soy traductora. El lenguaje y la comunicaci\u00f3n son mi pan de cada d\u00eda y as\u00ed lo demuestran mis aficiones: leer, escribir, dibujar, hablar, escuchar\u2026 En concreto, has ido a parar al espacio donde escribo, para que puedas leer y, despu\u00e9s, podamos hablar \ud83d\ude42. Este blog se llama \u00abTerceras Partes\u00bb porque antes de \u00e9l hubo otros dos, \u00abPunto y Oporto\u00bb (para contar mi experiencias n\u00f3madas) y \u00abTraducir&amp;Co\u00bb. Puedes leer algunas de las entradas accediendo desde el men\u00fa superior.\",\"sameAs\":[\"https:\\\/\\\/instagram.com\\\/terceras_partes\",\"https:\\\/\\\/x.com\\\/https:\\\/\\\/twitter.com\\\/terceras_partes\"]}]}<\/script>\n<!-- \/ Yoast SEO plugin. -->","yoast_head_json":{"title":"Primeros pasos (11\/2017) - Terceras Partes","robots":{"index":"index","follow":"follow","max-snippet":"max-snippet:-1","max-image-preview":"max-image-preview:large","max-video-preview":"max-video-preview:-1"},"canonical":"https:\/\/terceraspartes.com\/index.php\/primeros-pasos-11-2017\/","og_locale":"es_ES","og_type":"article","og_title":"Primeros pasos (11\/2017) - Terceras Partes","og_description":"Lo primero que he hecho despu\u00e9s de decidir lanzarme a la aventura ha sido investigar y&nbsp;buscar experiencias de personas que se han planteado hacer lo...","og_url":"https:\/\/terceraspartes.com\/index.php\/primeros-pasos-11-2017\/","og_site_name":"Terceras Partes","article_modified_time":"2022-12-02T15:06:18+00:00","og_image":[{"url":"https:\/\/terceraspartes.com\/wp-content\/uploads\/2022\/12\/bolas-1024x687.jpg","type":"","width":"","height":""}],"twitter_card":"summary_large_image","twitter_site":"@terceras_partes","twitter_misc":{"Tiempo de lectura":"3 minutos"},"schema":{"@context":"https:\/\/schema.org","@graph":[{"@type":"WebPage","@id":"https:\/\/terceraspartes.com\/index.php\/primeros-pasos-11-2017\/","url":"https:\/\/terceraspartes.com\/index.php\/primeros-pasos-11-2017\/","name":"Primeros pasos (11\/2017) - Terceras Partes","isPartOf":{"@id":"https:\/\/terceraspartes.com\/#website"},"primaryImageOfPage":{"@id":"https:\/\/terceraspartes.com\/index.php\/primeros-pasos-11-2017\/#primaryimage"},"image":{"@id":"https:\/\/terceraspartes.com\/index.php\/primeros-pasos-11-2017\/#primaryimage"},"thumbnailUrl":"https:\/\/terceraspartes.com\/wp-content\/uploads\/2022\/12\/bolas-1024x687.jpg","datePublished":"2022-12-02T09:11:59+00:00","dateModified":"2022-12-02T15:06:18+00:00","breadcrumb":{"@id":"https:\/\/terceraspartes.com\/index.php\/primeros-pasos-11-2017\/#breadcrumb"},"inLanguage":"es","potentialAction":[{"@type":"ReadAction","target":["https:\/\/terceraspartes.com\/index.php\/primeros-pasos-11-2017\/"]}]},{"@type":"ImageObject","inLanguage":"es","@id":"https:\/\/terceraspartes.com\/index.php\/primeros-pasos-11-2017\/#primaryimage","url":"https:\/\/terceraspartes.com\/wp-content\/uploads\/2022\/12\/bolas.jpg","contentUrl":"https:\/\/terceraspartes.com\/wp-content\/uploads\/2022\/12\/bolas.jpg","width":1301,"height":873},{"@type":"BreadcrumbList","@id":"https:\/\/terceraspartes.com\/index.php\/primeros-pasos-11-2017\/#breadcrumb","itemListElement":[{"@type":"ListItem","position":1,"name":"Portada","item":"https:\/\/terceraspartes.com\/"},{"@type":"ListItem","position":2,"name":"Primeros pasos (11\/2017)"}]},{"@type":"WebSite","@id":"https:\/\/terceraspartes.com\/#website","url":"https:\/\/terceraspartes.com\/","name":"Terceras Partes","description":"Blog de escritura sin pretensiones","publisher":{"@id":"https:\/\/terceraspartes.com\/#\/schema\/person\/e9e29a930aceb96bd13d7ba7d213dac0"},"potentialAction":[{"@type":"SearchAction","target":{"@type":"EntryPoint","urlTemplate":"https:\/\/terceraspartes.com\/?s={search_term_string}"},"query-input":{"@type":"PropertyValueSpecification","valueRequired":true,"valueName":"search_term_string"}}],"inLanguage":"es"},{"@type":["Person","Organization"],"@id":"https:\/\/terceraspartes.com\/#\/schema\/person\/e9e29a930aceb96bd13d7ba7d213dac0","name":"Merche Garc\u00eda","image":{"@type":"ImageObject","inLanguage":"es","@id":"https:\/\/terceraspartes.com\/wp-content\/uploads\/2022\/12\/Captura-de-pantalla-2022-12-03-a-las-13.50.47.png","url":"https:\/\/terceraspartes.com\/wp-content\/uploads\/2022\/12\/Captura-de-pantalla-2022-12-03-a-las-13.50.47.png","contentUrl":"https:\/\/terceraspartes.com\/wp-content\/uploads\/2022\/12\/Captura-de-pantalla-2022-12-03-a-las-13.50.47.png","width":486,"height":442,"caption":"Merche Garc\u00eda"},"logo":{"@id":"https:\/\/terceraspartes.com\/wp-content\/uploads\/2022\/12\/Captura-de-pantalla-2022-12-03-a-las-13.50.47.png"},"description":"Me llamo Merche, tengo 36 a\u00f1os y soy traductora. El lenguaje y la comunicaci\u00f3n son mi pan de cada d\u00eda y as\u00ed lo demuestran mis aficiones: leer, escribir, dibujar, hablar, escuchar\u2026 En concreto, has ido a parar al espacio donde escribo, para que puedas leer y, despu\u00e9s, podamos hablar \ud83d\ude42. Este blog se llama \u00abTerceras Partes\u00bb porque antes de \u00e9l hubo otros dos, \u00abPunto y Oporto\u00bb (para contar mi experiencias n\u00f3madas) y \u00abTraducir&amp;Co\u00bb. Puedes leer algunas de las entradas accediendo desde el men\u00fa superior.","sameAs":["https:\/\/instagram.com\/terceras_partes","https:\/\/x.com\/https:\/\/twitter.com\/terceras_partes"]}]}},"_links":{"self":[{"href":"https:\/\/terceraspartes.com\/index.php\/wp-json\/wp\/v2\/pages\/757","targetHints":{"allow":["GET"]}}],"collection":[{"href":"https:\/\/terceraspartes.com\/index.php\/wp-json\/wp\/v2\/pages"}],"about":[{"href":"https:\/\/terceraspartes.com\/index.php\/wp-json\/wp\/v2\/types\/page"}],"author":[{"embeddable":true,"href":"https:\/\/terceraspartes.com\/index.php\/wp-json\/wp\/v2\/users\/1"}],"replies":[{"embeddable":true,"href":"https:\/\/terceraspartes.com\/index.php\/wp-json\/wp\/v2\/comments?post=757"}],"version-history":[{"count":1,"href":"https:\/\/terceraspartes.com\/index.php\/wp-json\/wp\/v2\/pages\/757\/revisions"}],"predecessor-version":[{"id":759,"href":"https:\/\/terceraspartes.com\/index.php\/wp-json\/wp\/v2\/pages\/757\/revisions\/759"}],"wp:attachment":[{"href":"https:\/\/terceraspartes.com\/index.php\/wp-json\/wp\/v2\/media?parent=757"}],"curies":[{"name":"wp","href":"https:\/\/api.w.org\/{rel}","templated":true}]}}