{"id":22,"date":"2019-07-25T00:46:05","date_gmt":"2019-07-25T00:46:05","guid":{"rendered":"http:\/\/estudiopatagon.com\/themes\/wordpress\/veenv2\/?page_id=22"},"modified":"2022-12-02T15:06:06","modified_gmt":"2022-12-02T15:06:06","slug":"accordions-and-tabs","status":"publish","type":"page","link":"https:\/\/terceraspartes.com\/index.php\/features\/accordions-and-tabs\/","title":{"rendered":"Accordions and Tabs"},"content":{"rendered":"<h2>Toggles<\/h2>\n<div class=\"epcl-shortcode epcl-toggle epcl-toggle-elem opened \"><h3 class=\"toggle-title\">1. A wonderful serenity has taken possession<i class=\"epcl-icon fa fa-plus\"><\/i><\/h3><div class=\"toggle-content\">\n<p>A wonderful serenity has taken possession of my entire soul, like these sweet mornings of spring which I enjoy with my whole heart. I am alone, and feel the charm of existence in this spot, which was created for the bliss of souls like mine. I am so happy, my dear friend, so absorbed in the exquisite sense of mere tranquil existence, that I neglect my talents.<\/p>\n<p>I throw myself down among the tall grass by the trickling stream; and, as I lie close to the earth, a thousand unknown plants are noticed by me.<\/p>\n<\/div><\/div>\n<div class=\"epcl-shortcode epcl-toggle epcl-toggle-elem closed \"><h3 class=\"toggle-title\">2. A wonderful serenity has taken possession?<i class=\"epcl-icon fa fa-plus\"><\/i><\/h3><div class=\"toggle-content\">\n<p>A wonderful serenity has taken possession of my entire soul, like these sweet mornings of spring which I enjoy with my whole heart. I am alone, and feel the charm of existence in this spot, which was created for the bliss of souls like mine. I am so happy, my dear friend, so absorbed in the exquisite sense of mere tranquil existence, that I neglect my talents.<\/p>\n<p>I throw myself down among the tall grass by the trickling stream; and, as I lie close to the earth, a thousand unknown plants are noticed by me.<\/p>\n<\/div><\/div>\n<div class=\"epcl-shortcode epcl-toggle epcl-toggle-elem closed \"><h3 class=\"toggle-title\">3. A wonderful serenity has taken possession<i class=\"epcl-icon fa fa-plus\"><\/i><\/h3><div class=\"toggle-content\">\n<p>A wonderful serenity has taken possession of my entire soul, like these sweet mornings of spring which I enjoy with my whole heart. I am alone, and feel the charm of existence in this spot, which was created for the bliss of souls like mine. I am so happy, my dear friend, so absorbed in the exquisite sense of mere tranquil existence, that I neglect my talents.<\/p>\n<p>I throw myself down among the tall grass by the trickling stream; and, as I lie close to the earth, a thousand unknown plants are noticed by me.<\/p>\n<\/div><\/div>\n<h2>Accordions<\/h2>\n<div class=\"epcl-shortcode epcl-accordions\">\n<div class=\"epcl-shortcode epcl-toggle accordion-elem \"><h3 class=\"toggle-title\">A wonderful serenity has taken possession<i class=\"epcl-icon fa fa-plus\"><\/i><\/h3><div class=\"toggle-content\">\n<p>A wonderful serenity has taken possession of my entire soul, like these sweet mornings of spring which I enjoy with my whole heart. I am alone, and feel the charm of existence in this spot, which was created for the bliss of souls like mine. I am so happy, my dear friend, so absorbed in the exquisite sense of mere tranquil existence, that I neglect my talents.<\/p>\n<\/div><\/div>\n<div class=\"epcl-shortcode epcl-toggle accordion-elem \"><h3 class=\"toggle-title\">A wonderful serenity has taken possession<i class=\"epcl-icon fa fa-plus\"><\/i><\/h3><div class=\"toggle-content\">\n<p>A wonderful serenity has taken possession of my entire soul, like these sweet mornings of spring which I enjoy with my whole heart. I am alone, and feel the charm of existence in this spot, which was created for the bliss of souls like mine. I am so happy, my dear friend, so absorbed in the exquisite sense of mere tranquil existence, that I neglect my talents.<\/p>\n<\/div><\/div>\n<div class=\"epcl-shortcode epcl-toggle accordion-elem \"><h3 class=\"toggle-title\">A wonderful serenity has taken possession<i class=\"epcl-icon fa fa-plus\"><\/i><\/h3><div class=\"toggle-content\">\n<p>A wonderful serenity has taken possession of my entire soul, like these sweet mornings of spring which I enjoy with my whole heart. I am alone, and feel the charm of existence in this spot, which was created for the bliss of souls like mine. I am so happy, my dear friend, so absorbed in the exquisite sense of mere tranquil existence, that I neglect my talents.<\/p>\n<\/div><\/div>\n<\/div>\n<h2>Tabs<\/h2>\n<div class=\"epcl-shortcode epcl-tabs\"><ul class=\"tab-links\">\n<li><a href=\"javascript:void(0)\" data-id=\"tab-tab-a989\">Tab A<\/a><\/li>\n<li><a href=\"javascript:void(0)\" data-id=\"tab-tab-b757\">Tab B<\/a><\/li>\n<li><a href=\"javascript:void(0)\" data-id=\"tab-tab-c280\">Tab C<\/a><\/li>\n<\/ul><div class=\"tab-container\"><div id=\"tab-tab-a989\" class=\"tab-item\">\n<p>A wonderful serenity has taken possession of my entire soul, like these sweet mornings of spring which I enjoy with my whole heart. I am alone, and feel the charm of existence in this spot, which was created for the bliss of souls like mine. I am so happy, my dear friend, so absorbed in the exquisite sense of mere tranquil existence, that I neglect my talents.<\/p>\n<\/div><div id=\"tab-tab-b757\" class=\"tab-item\">\n<p>which was created for the bliss of souls like mine. I am so happy, my dear friend, so absorbed in the exquisite sense of mere tranquil existence, that I neglect my talents.<\/p>\n<p>A wonderful serenity has taken possession of my entire soul, like these sweet mornings of spring which I enjoy with my whole heart. I am alone, and feel the charm of existence in this spot.<\/p>\n<\/div><div id=\"tab-tab-c280\" class=\"tab-item\">\n<p>A wonderful serenity has taken possession of my entire soul, like these sweet mornings of spring which I enjoy with my whole heart. I am alone, and feel the charm of existence in this spot, which was created for the bliss of souls like mine. I am so happy, my dear friend, so absorbed in the exquisite sense of mere tranquil existence, that I neglect my talents.<\/p>\n<p>A wonderful serenity has taken possession of my entire soul, like these sweet mornings of spring which I enjoy with my whole heart. I am alone, and feel the charm of existence in this spot, which was created for the bliss of souls like mine. I am so happy, my dear friend, so absorbed in the exquisite sense of mere tranquil existence, that I neglect my talents.<\/p>\n<\/div><\/div><div class=\"clear\"><\/div><\/div>\n","protected":false},"excerpt":{"rendered":"<p>Toggles Accordions Tabs<\/p>\n","protected":false},"author":1,"featured_media":0,"parent":19,"menu_order":0,"comment_status":"open","ping_status":"closed","template":"","meta":{"footnotes":""},"class_list":["post-22","page","type-page","status-publish","hentry"],"yoast_head":"<!-- This site is optimized with the Yoast SEO plugin v27.5 - https:\/\/yoast.com\/product\/yoast-seo-wordpress\/ -->\n<title>Accordions and Tabs - Terceras Partes<\/title>\n<meta name=\"robots\" content=\"index, follow, max-snippet:-1, max-image-preview:large, max-video-preview:-1\" \/>\n<link rel=\"canonical\" href=\"https:\/\/terceraspartes.com\/index.php\/features\/accordions-and-tabs\/\" \/>\n<meta property=\"og:locale\" content=\"es_ES\" \/>\n<meta property=\"og:type\" content=\"article\" \/>\n<meta property=\"og:title\" content=\"Accordions and Tabs - Terceras Partes\" \/>\n<meta property=\"og:description\" content=\"Toggles Accordions Tabs\" \/>\n<meta property=\"og:url\" content=\"https:\/\/terceraspartes.com\/index.php\/features\/accordions-and-tabs\/\" \/>\n<meta property=\"og:site_name\" content=\"Terceras Partes\" \/>\n<meta property=\"article:modified_time\" content=\"2022-12-02T15:06:06+00:00\" \/>\n<meta name=\"twitter:card\" content=\"summary_large_image\" \/>\n<meta name=\"twitter:site\" content=\"@terceras_partes\" \/>\n<meta name=\"twitter:label1\" content=\"Tiempo de lectura\" \/>\n\t<meta name=\"twitter:data1\" content=\"4 minutos\" \/>\n<script type=\"application\/ld+json\" class=\"yoast-schema-graph\">{\"@context\":\"https:\\\/\\\/schema.org\",\"@graph\":[{\"@type\":\"WebPage\",\"@id\":\"https:\\\/\\\/terceraspartes.com\\\/index.php\\\/features\\\/accordions-and-tabs\\\/\",\"url\":\"https:\\\/\\\/terceraspartes.com\\\/index.php\\\/features\\\/accordions-and-tabs\\\/\",\"name\":\"Accordions and Tabs - Terceras Partes\",\"isPartOf\":{\"@id\":\"https:\\\/\\\/terceraspartes.com\\\/#website\"},\"datePublished\":\"2019-07-25T00:46:05+00:00\",\"dateModified\":\"2022-12-02T15:06:06+00:00\",\"breadcrumb\":{\"@id\":\"https:\\\/\\\/terceraspartes.com\\\/index.php\\\/features\\\/accordions-and-tabs\\\/#breadcrumb\"},\"inLanguage\":\"es\",\"potentialAction\":[{\"@type\":\"ReadAction\",\"target\":[\"https:\\\/\\\/terceraspartes.com\\\/index.php\\\/features\\\/accordions-and-tabs\\\/\"]}]},{\"@type\":\"BreadcrumbList\",\"@id\":\"https:\\\/\\\/terceraspartes.com\\\/index.php\\\/features\\\/accordions-and-tabs\\\/#breadcrumb\",\"itemListElement\":[{\"@type\":\"ListItem\",\"position\":1,\"name\":\"Portada\",\"item\":\"https:\\\/\\\/terceraspartes.com\\\/\"},{\"@type\":\"ListItem\",\"position\":2,\"name\":\"Features\",\"item\":\"https:\\\/\\\/terceraspartes.com\\\/index.php\\\/features\\\/\"},{\"@type\":\"ListItem\",\"position\":3,\"name\":\"Accordions and Tabs\"}]},{\"@type\":\"WebSite\",\"@id\":\"https:\\\/\\\/terceraspartes.com\\\/#website\",\"url\":\"https:\\\/\\\/terceraspartes.com\\\/\",\"name\":\"Terceras Partes\",\"description\":\"Blog de escritura sin pretensiones\",\"publisher\":{\"@id\":\"https:\\\/\\\/terceraspartes.com\\\/#\\\/schema\\\/person\\\/e9e29a930aceb96bd13d7ba7d213dac0\"},\"potentialAction\":[{\"@type\":\"SearchAction\",\"target\":{\"@type\":\"EntryPoint\",\"urlTemplate\":\"https:\\\/\\\/terceraspartes.com\\\/?s={search_term_string}\"},\"query-input\":{\"@type\":\"PropertyValueSpecification\",\"valueRequired\":true,\"valueName\":\"search_term_string\"}}],\"inLanguage\":\"es\"},{\"@type\":[\"Person\",\"Organization\"],\"@id\":\"https:\\\/\\\/terceraspartes.com\\\/#\\\/schema\\\/person\\\/e9e29a930aceb96bd13d7ba7d213dac0\",\"name\":\"Merche Garc\u00eda\",\"image\":{\"@type\":\"ImageObject\",\"inLanguage\":\"es\",\"@id\":\"https:\\\/\\\/terceraspartes.com\\\/wp-content\\\/uploads\\\/2022\\\/12\\\/Captura-de-pantalla-2022-12-03-a-las-13.50.47.png\",\"url\":\"https:\\\/\\\/terceraspartes.com\\\/wp-content\\\/uploads\\\/2022\\\/12\\\/Captura-de-pantalla-2022-12-03-a-las-13.50.47.png\",\"contentUrl\":\"https:\\\/\\\/terceraspartes.com\\\/wp-content\\\/uploads\\\/2022\\\/12\\\/Captura-de-pantalla-2022-12-03-a-las-13.50.47.png\",\"width\":486,\"height\":442,\"caption\":\"Merche Garc\u00eda\"},\"logo\":{\"@id\":\"https:\\\/\\\/terceraspartes.com\\\/wp-content\\\/uploads\\\/2022\\\/12\\\/Captura-de-pantalla-2022-12-03-a-las-13.50.47.png\"},\"description\":\"Me llamo Merche, tengo 36 a\u00f1os y soy traductora. El lenguaje y la comunicaci\u00f3n son mi pan de cada d\u00eda y as\u00ed lo demuestran mis aficiones: leer, escribir, dibujar, hablar, escuchar\u2026 En concreto, has ido a parar al espacio donde escribo, para que puedas leer y, despu\u00e9s, podamos hablar \ud83d\ude42. Este blog se llama \u00abTerceras Partes\u00bb porque antes de \u00e9l hubo otros dos, \u00abPunto y Oporto\u00bb (para contar mi experiencias n\u00f3madas) y \u00abTraducir&amp;Co\u00bb. Puedes leer algunas de las entradas accediendo desde el men\u00fa superior.\",\"sameAs\":[\"https:\\\/\\\/instagram.com\\\/terceras_partes\",\"https:\\\/\\\/x.com\\\/https:\\\/\\\/twitter.com\\\/terceras_partes\"]}]}<\/script>\n<!-- \/ Yoast SEO plugin. -->","yoast_head_json":{"title":"Accordions and Tabs - Terceras Partes","robots":{"index":"index","follow":"follow","max-snippet":"max-snippet:-1","max-image-preview":"max-image-preview:large","max-video-preview":"max-video-preview:-1"},"canonical":"https:\/\/terceraspartes.com\/index.php\/features\/accordions-and-tabs\/","og_locale":"es_ES","og_type":"article","og_title":"Accordions and Tabs - Terceras Partes","og_description":"Toggles Accordions Tabs","og_url":"https:\/\/terceraspartes.com\/index.php\/features\/accordions-and-tabs\/","og_site_name":"Terceras Partes","article_modified_time":"2022-12-02T15:06:06+00:00","twitter_card":"summary_large_image","twitter_site":"@terceras_partes","twitter_misc":{"Tiempo de lectura":"4 minutos"},"schema":{"@context":"https:\/\/schema.org","@graph":[{"@type":"WebPage","@id":"https:\/\/terceraspartes.com\/index.php\/features\/accordions-and-tabs\/","url":"https:\/\/terceraspartes.com\/index.php\/features\/accordions-and-tabs\/","name":"Accordions and Tabs - Terceras Partes","isPartOf":{"@id":"https:\/\/terceraspartes.com\/#website"},"datePublished":"2019-07-25T00:46:05+00:00","dateModified":"2022-12-02T15:06:06+00:00","breadcrumb":{"@id":"https:\/\/terceraspartes.com\/index.php\/features\/accordions-and-tabs\/#breadcrumb"},"inLanguage":"es","potentialAction":[{"@type":"ReadAction","target":["https:\/\/terceraspartes.com\/index.php\/features\/accordions-and-tabs\/"]}]},{"@type":"BreadcrumbList","@id":"https:\/\/terceraspartes.com\/index.php\/features\/accordions-and-tabs\/#breadcrumb","itemListElement":[{"@type":"ListItem","position":1,"name":"Portada","item":"https:\/\/terceraspartes.com\/"},{"@type":"ListItem","position":2,"name":"Features","item":"https:\/\/terceraspartes.com\/index.php\/features\/"},{"@type":"ListItem","position":3,"name":"Accordions and Tabs"}]},{"@type":"WebSite","@id":"https:\/\/terceraspartes.com\/#website","url":"https:\/\/terceraspartes.com\/","name":"Terceras Partes","description":"Blog de escritura sin pretensiones","publisher":{"@id":"https:\/\/terceraspartes.com\/#\/schema\/person\/e9e29a930aceb96bd13d7ba7d213dac0"},"potentialAction":[{"@type":"SearchAction","target":{"@type":"EntryPoint","urlTemplate":"https:\/\/terceraspartes.com\/?s={search_term_string}"},"query-input":{"@type":"PropertyValueSpecification","valueRequired":true,"valueName":"search_term_string"}}],"inLanguage":"es"},{"@type":["Person","Organization"],"@id":"https:\/\/terceraspartes.com\/#\/schema\/person\/e9e29a930aceb96bd13d7ba7d213dac0","name":"Merche Garc\u00eda","image":{"@type":"ImageObject","inLanguage":"es","@id":"https:\/\/terceraspartes.com\/wp-content\/uploads\/2022\/12\/Captura-de-pantalla-2022-12-03-a-las-13.50.47.png","url":"https:\/\/terceraspartes.com\/wp-content\/uploads\/2022\/12\/Captura-de-pantalla-2022-12-03-a-las-13.50.47.png","contentUrl":"https:\/\/terceraspartes.com\/wp-content\/uploads\/2022\/12\/Captura-de-pantalla-2022-12-03-a-las-13.50.47.png","width":486,"height":442,"caption":"Merche Garc\u00eda"},"logo":{"@id":"https:\/\/terceraspartes.com\/wp-content\/uploads\/2022\/12\/Captura-de-pantalla-2022-12-03-a-las-13.50.47.png"},"description":"Me llamo Merche, tengo 36 a\u00f1os y soy traductora. El lenguaje y la comunicaci\u00f3n son mi pan de cada d\u00eda y as\u00ed lo demuestran mis aficiones: leer, escribir, dibujar, hablar, escuchar\u2026 En concreto, has ido a parar al espacio donde escribo, para que puedas leer y, despu\u00e9s, podamos hablar \ud83d\ude42. Este blog se llama \u00abTerceras Partes\u00bb porque antes de \u00e9l hubo otros dos, \u00abPunto y Oporto\u00bb (para contar mi experiencias n\u00f3madas) y \u00abTraducir&amp;Co\u00bb. Puedes leer algunas de las entradas accediendo desde el men\u00fa superior.","sameAs":["https:\/\/instagram.com\/terceras_partes","https:\/\/x.com\/https:\/\/twitter.com\/terceras_partes"]}]}},"_links":{"self":[{"href":"https:\/\/terceraspartes.com\/index.php\/wp-json\/wp\/v2\/pages\/22","targetHints":{"allow":["GET"]}}],"collection":[{"href":"https:\/\/terceraspartes.com\/index.php\/wp-json\/wp\/v2\/pages"}],"about":[{"href":"https:\/\/terceraspartes.com\/index.php\/wp-json\/wp\/v2\/types\/page"}],"author":[{"embeddable":true,"href":"https:\/\/terceraspartes.com\/index.php\/wp-json\/wp\/v2\/users\/1"}],"replies":[{"embeddable":true,"href":"https:\/\/terceraspartes.com\/index.php\/wp-json\/wp\/v2\/comments?post=22"}],"version-history":[{"count":1,"href":"https:\/\/terceraspartes.com\/index.php\/wp-json\/wp\/v2\/pages\/22\/revisions"}],"predecessor-version":[{"id":981,"href":"https:\/\/terceraspartes.com\/index.php\/wp-json\/wp\/v2\/pages\/22\/revisions\/981"}],"up":[{"embeddable":true,"href":"https:\/\/terceraspartes.com\/index.php\/wp-json\/wp\/v2\/pages\/19"}],"wp:attachment":[{"href":"https:\/\/terceraspartes.com\/index.php\/wp-json\/wp\/v2\/media?parent=22"}],"curies":[{"name":"wp","href":"https:\/\/api.w.org\/{rel}","templated":true}]}}