{"id":152,"date":"2019-07-26T23:04:00","date_gmt":"2019-07-27T03:04:00","guid":{"rendered":"http:\/\/estudiopatagon.com\/themes\/wordpress\/veenv2\/?page_id=152"},"modified":"2022-12-02T15:06:06","modified_gmt":"2022-12-02T15:06:06","slug":"home-4-columns","status":"publish","type":"page","link":"https:\/\/terceraspartes.com\/index.php\/home-4-columns\/","title":{"rendered":"Home Grid: 4 Columns"},"content":{"rendered":"","protected":false},"excerpt":{"rendered":"","protected":false},"author":1,"featured_media":0,"parent":0,"menu_order":0,"comment_status":"open","ping_status":"closed","template":"page-templates\/home.php","meta":{"footnotes":""},"class_list":["post-152","page","type-page","status-publish","hentry"],"yoast_head":"<!-- This site is optimized with the Yoast SEO plugin v27.5 - https:\/\/yoast.com\/product\/yoast-seo-wordpress\/ -->\n<title>Home Grid: 4 Columns - Terceras Partes<\/title>\n<meta name=\"robots\" content=\"index, follow, max-snippet:-1, max-image-preview:large, max-video-preview:-1\" \/>\n<link rel=\"canonical\" href=\"https:\/\/terceraspartes.com\/index.php\/home-4-columns\/\" \/>\n<meta property=\"og:locale\" content=\"es_ES\" \/>\n<meta property=\"og:type\" content=\"article\" \/>\n<meta property=\"og:title\" content=\"Home Grid: 4 Columns - Terceras Partes\" \/>\n<meta property=\"og:url\" content=\"https:\/\/terceraspartes.com\/index.php\/home-4-columns\/\" \/>\n<meta property=\"og:site_name\" content=\"Terceras Partes\" \/>\n<meta property=\"article:modified_time\" content=\"2022-12-02T15:06:06+00:00\" \/>\n<meta name=\"twitter:card\" content=\"summary_large_image\" \/>\n<meta name=\"twitter:site\" content=\"@terceras_partes\" \/>\n<script type=\"application\/ld+json\" class=\"yoast-schema-graph\">{\"@context\":\"https:\\\/\\\/schema.org\",\"@graph\":[{\"@type\":\"WebPage\",\"@id\":\"https:\\\/\\\/terceraspartes.com\\\/index.php\\\/home-4-columns\\\/\",\"url\":\"https:\\\/\\\/terceraspartes.com\\\/index.php\\\/home-4-columns\\\/\",\"name\":\"Home Grid: 4 Columns - Terceras Partes\",\"isPartOf\":{\"@id\":\"https:\\\/\\\/terceraspartes.com\\\/#website\"},\"datePublished\":\"2019-07-27T03:04:00+00:00\",\"dateModified\":\"2022-12-02T15:06:06+00:00\",\"breadcrumb\":{\"@id\":\"https:\\\/\\\/terceraspartes.com\\\/index.php\\\/home-4-columns\\\/#breadcrumb\"},\"inLanguage\":\"es\",\"potentialAction\":[{\"@type\":\"ReadAction\",\"target\":[\"https:\\\/\\\/terceraspartes.com\\\/index.php\\\/home-4-columns\\\/\"]}]},{\"@type\":\"BreadcrumbList\",\"@id\":\"https:\\\/\\\/terceraspartes.com\\\/index.php\\\/home-4-columns\\\/#breadcrumb\",\"itemListElement\":[{\"@type\":\"ListItem\",\"position\":1,\"name\":\"Portada\",\"item\":\"https:\\\/\\\/terceraspartes.com\\\/\"},{\"@type\":\"ListItem\",\"position\":2,\"name\":\"Home Grid: 4 Columns\"}]},{\"@type\":\"WebSite\",\"@id\":\"https:\\\/\\\/terceraspartes.com\\\/#website\",\"url\":\"https:\\\/\\\/terceraspartes.com\\\/\",\"name\":\"Terceras Partes\",\"description\":\"Blog de escritura sin pretensiones\",\"publisher\":{\"@id\":\"https:\\\/\\\/terceraspartes.com\\\/#\\\/schema\\\/person\\\/e9e29a930aceb96bd13d7ba7d213dac0\"},\"potentialAction\":[{\"@type\":\"SearchAction\",\"target\":{\"@type\":\"EntryPoint\",\"urlTemplate\":\"https:\\\/\\\/terceraspartes.com\\\/?s={search_term_string}\"},\"query-input\":{\"@type\":\"PropertyValueSpecification\",\"valueRequired\":true,\"valueName\":\"search_term_string\"}}],\"inLanguage\":\"es\"},{\"@type\":[\"Person\",\"Organization\"],\"@id\":\"https:\\\/\\\/terceraspartes.com\\\/#\\\/schema\\\/person\\\/e9e29a930aceb96bd13d7ba7d213dac0\",\"name\":\"Merche Garc\u00eda\",\"image\":{\"@type\":\"ImageObject\",\"inLanguage\":\"es\",\"@id\":\"https:\\\/\\\/terceraspartes.com\\\/wp-content\\\/uploads\\\/2022\\\/12\\\/Captura-de-pantalla-2022-12-03-a-las-13.50.47.png\",\"url\":\"https:\\\/\\\/terceraspartes.com\\\/wp-content\\\/uploads\\\/2022\\\/12\\\/Captura-de-pantalla-2022-12-03-a-las-13.50.47.png\",\"contentUrl\":\"https:\\\/\\\/terceraspartes.com\\\/wp-content\\\/uploads\\\/2022\\\/12\\\/Captura-de-pantalla-2022-12-03-a-las-13.50.47.png\",\"width\":486,\"height\":442,\"caption\":\"Merche Garc\u00eda\"},\"logo\":{\"@id\":\"https:\\\/\\\/terceraspartes.com\\\/wp-content\\\/uploads\\\/2022\\\/12\\\/Captura-de-pantalla-2022-12-03-a-las-13.50.47.png\"},\"description\":\"Me llamo Merche, tengo 36 a\u00f1os y soy traductora. El lenguaje y la comunicaci\u00f3n son mi pan de cada d\u00eda y as\u00ed lo demuestran mis aficiones: leer, escribir, dibujar, hablar, escuchar\u2026 En concreto, has ido a parar al espacio donde escribo, para que puedas leer y, despu\u00e9s, podamos hablar \ud83d\ude42. Este blog se llama \u00abTerceras Partes\u00bb porque antes de \u00e9l hubo otros dos, \u00abPunto y Oporto\u00bb (para contar mi experiencias n\u00f3madas) y \u00abTraducir&amp;Co\u00bb. Puedes leer algunas de las entradas accediendo desde el men\u00fa superior.\",\"sameAs\":[\"https:\\\/\\\/instagram.com\\\/terceras_partes\",\"https:\\\/\\\/x.com\\\/https:\\\/\\\/twitter.com\\\/terceras_partes\"]}]}<\/script>\n<!-- \/ Yoast SEO plugin. -->","yoast_head_json":{"title":"Home Grid: 4 Columns - Terceras Partes","robots":{"index":"index","follow":"follow","max-snippet":"max-snippet:-1","max-image-preview":"max-image-preview:large","max-video-preview":"max-video-preview:-1"},"canonical":"https:\/\/terceraspartes.com\/index.php\/home-4-columns\/","og_locale":"es_ES","og_type":"article","og_title":"Home Grid: 4 Columns - Terceras Partes","og_url":"https:\/\/terceraspartes.com\/index.php\/home-4-columns\/","og_site_name":"Terceras Partes","article_modified_time":"2022-12-02T15:06:06+00:00","twitter_card":"summary_large_image","twitter_site":"@terceras_partes","schema":{"@context":"https:\/\/schema.org","@graph":[{"@type":"WebPage","@id":"https:\/\/terceraspartes.com\/index.php\/home-4-columns\/","url":"https:\/\/terceraspartes.com\/index.php\/home-4-columns\/","name":"Home Grid: 4 Columns - Terceras Partes","isPartOf":{"@id":"https:\/\/terceraspartes.com\/#website"},"datePublished":"2019-07-27T03:04:00+00:00","dateModified":"2022-12-02T15:06:06+00:00","breadcrumb":{"@id":"https:\/\/terceraspartes.com\/index.php\/home-4-columns\/#breadcrumb"},"inLanguage":"es","potentialAction":[{"@type":"ReadAction","target":["https:\/\/terceraspartes.com\/index.php\/home-4-columns\/"]}]},{"@type":"BreadcrumbList","@id":"https:\/\/terceraspartes.com\/index.php\/home-4-columns\/#breadcrumb","itemListElement":[{"@type":"ListItem","position":1,"name":"Portada","item":"https:\/\/terceraspartes.com\/"},{"@type":"ListItem","position":2,"name":"Home Grid: 4 Columns"}]},{"@type":"WebSite","@id":"https:\/\/terceraspartes.com\/#website","url":"https:\/\/terceraspartes.com\/","name":"Terceras Partes","description":"Blog de escritura sin pretensiones","publisher":{"@id":"https:\/\/terceraspartes.com\/#\/schema\/person\/e9e29a930aceb96bd13d7ba7d213dac0"},"potentialAction":[{"@type":"SearchAction","target":{"@type":"EntryPoint","urlTemplate":"https:\/\/terceraspartes.com\/?s={search_term_string}"},"query-input":{"@type":"PropertyValueSpecification","valueRequired":true,"valueName":"search_term_string"}}],"inLanguage":"es"},{"@type":["Person","Organization"],"@id":"https:\/\/terceraspartes.com\/#\/schema\/person\/e9e29a930aceb96bd13d7ba7d213dac0","name":"Merche Garc\u00eda","image":{"@type":"ImageObject","inLanguage":"es","@id":"https:\/\/terceraspartes.com\/wp-content\/uploads\/2022\/12\/Captura-de-pantalla-2022-12-03-a-las-13.50.47.png","url":"https:\/\/terceraspartes.com\/wp-content\/uploads\/2022\/12\/Captura-de-pantalla-2022-12-03-a-las-13.50.47.png","contentUrl":"https:\/\/terceraspartes.com\/wp-content\/uploads\/2022\/12\/Captura-de-pantalla-2022-12-03-a-las-13.50.47.png","width":486,"height":442,"caption":"Merche Garc\u00eda"},"logo":{"@id":"https:\/\/terceraspartes.com\/wp-content\/uploads\/2022\/12\/Captura-de-pantalla-2022-12-03-a-las-13.50.47.png"},"description":"Me llamo Merche, tengo 36 a\u00f1os y soy traductora. El lenguaje y la comunicaci\u00f3n son mi pan de cada d\u00eda y as\u00ed lo demuestran mis aficiones: leer, escribir, dibujar, hablar, escuchar\u2026 En concreto, has ido a parar al espacio donde escribo, para que puedas leer y, despu\u00e9s, podamos hablar \ud83d\ude42. Este blog se llama \u00abTerceras Partes\u00bb porque antes de \u00e9l hubo otros dos, \u00abPunto y Oporto\u00bb (para contar mi experiencias n\u00f3madas) y \u00abTraducir&amp;Co\u00bb. Puedes leer algunas de las entradas accediendo desde el men\u00fa superior.","sameAs":["https:\/\/instagram.com\/terceras_partes","https:\/\/x.com\/https:\/\/twitter.com\/terceras_partes"]}]}},"_links":{"self":[{"href":"https:\/\/terceraspartes.com\/index.php\/wp-json\/wp\/v2\/pages\/152","targetHints":{"allow":["GET"]}}],"collection":[{"href":"https:\/\/terceraspartes.com\/index.php\/wp-json\/wp\/v2\/pages"}],"about":[{"href":"https:\/\/terceraspartes.com\/index.php\/wp-json\/wp\/v2\/types\/page"}],"author":[{"embeddable":true,"href":"https:\/\/terceraspartes.com\/index.php\/wp-json\/wp\/v2\/users\/1"}],"replies":[{"embeddable":true,"href":"https:\/\/terceraspartes.com\/index.php\/wp-json\/wp\/v2\/comments?post=152"}],"version-history":[{"count":1,"href":"https:\/\/terceraspartes.com\/index.php\/wp-json\/wp\/v2\/pages\/152\/revisions"}],"predecessor-version":[{"id":991,"href":"https:\/\/terceraspartes.com\/index.php\/wp-json\/wp\/v2\/pages\/152\/revisions\/991"}],"wp:attachment":[{"href":"https:\/\/terceraspartes.com\/index.php\/wp-json\/wp\/v2\/media?parent=152"}],"curies":[{"name":"wp","href":"https:\/\/api.w.org\/{rel}","templated":true}]}}